{"id":92,"date":"2019-03-04T11:57:08","date_gmt":"2019-03-04T10:57:08","guid":{"rendered":"https:\/\/www.spiekeroog-auszeit.de\/?page_id=92"},"modified":"2020-08-26T06:41:37","modified_gmt":"2020-08-26T05:41:37","slug":"spiekeroog","status":"publish","type":"page","link":"https:\/\/www.spiekeroog-auszeit.de\/?page_id=92","title":{"rendered":"Willkommen auf Spiekeroog"},"content":{"rendered":"\n<p class=\"has-text-align-center has-medium-font-size\">Die Insel Spiekeroog liegt im nieders\u00e4chsischen Wattenmeer und hat auf etwa 18 Quadratkilometern ca. 900 Einwohner. Spiekeroog gilt als die &#8222;Stille&#8220; unter den ostfriesischen Inseln. Hier gibt es d\u00f6rflichen Charme und unber\u00fchrte Natur und in den Ferien viel Familienspa\u00df.<\/p>\n\n\n\n<p class=\"has-text-align-center has-medium-font-size\">Spiekeroog ist <strong>autofrei<\/strong> und hat als einzige ostfriesische Insel keinen Flugplatz.<\/p>\n\n\n\n<p class=\"has-text-align-center has-medium-font-size\">Sie k\u00f6nnen auf der Insel ausgedehnte Spazierg\u00e4nge unternehmen oder in den kleinen Gesch\u00e4ften st\u00f6bern. Sie k\u00f6nnen in einem der gem\u00fctlichen Caf\u00e9s beim Ostfriesentee ausruhen oder im InselBad &amp; D\u00fcnenSpa Entspannung finden.<\/p>\n\n\n\n<p class=\"has-text-align-center has-medium-font-size\">Sollten Sie nicht gut zu Fu\u00df sein,<a href=\"https:\/\/www.spiekeroog.de\/wissenswertes\/haeufige-fragen\/spiekeroog-barrierearm\/mobile-hilfsmittel\/\"> informieren<\/a> Sie sich vorab bei der Touristen-Information &#8222;Kogge&#8220; \u00fcber die Verf\u00fcgbarkeit von Mobilit\u00e4tshilfen, wie z.B. dem Solar-Strandrollstuhl.<\/p>\n\n\n\n<style id=\"bwg-style-0\">    #bwg_container1_0 #bwg_container2_0 .bwg-container-0.bwg-standard-thumbnails {      width: 1254px;              justify-content: center;        margin:0 auto !important;              background-color: rgba(255, 255, 255, 0.00);            padding-left: 4px;      padding-top: 4px;      max-width: 100%;            }        #bwg_container1_0 #bwg_container2_0 .bwg-container-0.bwg-standard-thumbnails .bwg-item {    justify-content: flex-start;      max-width: 250px;          }    #bwg_container1_0 #bwg_container2_0 .bwg-container-0.bwg-standard-thumbnails .bwg-item a {       margin-right: 4px;       margin-bottom: 4px;    }    #bwg_container1_0 #bwg_container2_0 .bwg-container-0.bwg-standard-thumbnails .bwg-item0 {      padding: 0px;            background-color:rgba(0,0,0, 0.30);      border: 0px none #CCCCCC;      opacity: 1.00;      border-radius: 0;      box-shadow: ;    }    #bwg_container1_0 #bwg_container2_0 .bwg-container-0.bwg-standard-thumbnails .bwg-item1 img {      max-height: none;      max-width: none;      padding: 0 !important;    }         @media only screen and (min-width: 480px) {\t\t#bwg_container1_0 #bwg_container2_0 .bwg-container-0.bwg-standard-thumbnails .bwg-item1 img {\t\t\t-webkit-transition: all .3s; transition: all .3s;\t\t}\t\t#bwg_container1_0 #bwg_container2_0 .bwg-container-0.bwg-standard-thumbnails .bwg-item1 img:hover {\t\t\t-ms-transform: scale(1.08);\t\t\t-webkit-transform: scale(1.08);\t\t\ttransform: scale(1.08);\t\t}\t\t      }\t    #bwg_container1_0 #bwg_container2_0 .bwg-container-0.bwg-standard-thumbnails .bwg-item1 {      padding-top: 56%;    }        #bwg_container1_0 #bwg_container2_0 .bwg-container-0.bwg-standard-thumbnails .bwg-title2,    #bwg_container1_0 #bwg_container2_0 .bwg-container-0.bwg-standard-thumbnails .bwg-ecommerce2 {      color: #323A45;      font-family: Ubuntu;      font-size: 16px;      font-weight: bold;      padding: 2px;      text-shadow: ;      max-height: 100%;    }    #bwg_container1_0 #bwg_container2_0 .bwg-container-0.bwg-standard-thumbnails .bwg-thumb-description span {    color: #323A45;    font-family: Ubuntu;    font-size: 12px;    max-height: 100%;    word-wrap: break-word;    }    #bwg_container1_0 #bwg_container2_0 .bwg-container-0.bwg-standard-thumbnails .bwg-play-icon2 {      font-size: 32px;    }    #bwg_container1_0 #bwg_container2_0 .bwg-container-0.bwg-standard-thumbnails .bwg-ecommerce2 {      font-size: 19.2px;      color: #323A45;    }    <\/style>    <div id=\"bwg_container1_0\"         class=\"bwg_container bwg_thumbnail bwg_thumbnails \"         data-right-click-protection=\"0\"         data-bwg=\"0\"         data-scroll=\"0\"         data-gallery-type=\"thumbnails\"         data-gallery-view-type=\"thumbnails\"         data-current-url=\"\/index.php?rest_route=%2Fwp%2Fv2%2Fpages%2F92\"         data-lightbox-url=\"https:\/\/www.spiekeroog-auszeit.de\/wp-admin\/admin-ajax.php?action=GalleryBox&#038;current_view=0&#038;gallery_id=3&#038;tag=0&#038;theme_id=1&#038;shortcode_id=7&#038;sort_by=order&#038;order_by=asc&#038;current_url=%2Findex.php%3Frest_route%3D%252Fwp%252Fv2%252Fpages%252F92\"         data-gallery-id=\"3\"         data-popup-width=\"800\"         data-popup-height=\"500\"         data-is-album=\"gallery\"         data-buttons-position=\"bottom\">      <div id=\"bwg_container2_0\">             <div id=\"ajax_loading_0\" class=\"bwg_loading_div_1\">      <div class=\"bwg_loading_div_2\">        <div class=\"bwg_loading_div_3\">          <div id=\"loading_div_0\" class=\"bwg_spider_ajax_loading\">          <\/div>        <\/div>      <\/div>    <\/div>            <form id=\"gal_front_form_0\"              class=\"bwg-hidden\"              method=\"post\"              action=\"#\"              data-current=\"0\"              data-shortcode-id=\"7\"              data-gallery-type=\"thumbnails\"              data-gallery-id=\"3\"              data-tag=\"0\"              data-album-id=\"0\"              data-theme-id=\"1\"              data-ajax-url=\"https:\/\/www.spiekeroog-auszeit.de\/wp-admin\/admin-ajax.php?action=bwg_frontend_data\">          <div id=\"bwg_container3_0\" class=\"bwg-background bwg-background-0\">                <div data-max-count=\"5\"         data-thumbnail-width=\"250\"         data-bwg=\"0\"         data-gallery-id=\"3\"         data-lightbox-url=\"https:\/\/www.spiekeroog-auszeit.de\/wp-admin\/admin-ajax.php?action=GalleryBox&amp;current_view=0&amp;gallery_id=3&amp;tag=0&amp;theme_id=1&amp;shortcode_id=7&amp;sort_by=order&amp;order_by=asc&amp;current_url=%2Findex.php%3Frest_route%3D%252Fwp%252Fv2%252Fpages%252F92\"         id=\"bwg_thumbnails_0\"         class=\"bwg-container-0 bwg-thumbnails bwg-standard-thumbnails bwg-container bwg-border-box\">            <div class=\"bwg-item\">        <a class=\"bwg-a  bwg_lightbox\"  data-image-id=\"23\" href=\"https:\/\/www.spiekeroog-auszeit.de\/wp-content\/uploads\/photo-gallery\/590eb0073a385107fe10617ed09e4e84.jpg?bwg=1558514157\" data-elementor-open-lightbox=\"no\">                <div class=\"bwg-item0 \">          <div class=\"bwg-item1 \">            <div class=\"bwg-item2\">              <img decoding=\"async\" class=\"skip-lazy bwg_standart_thumb_img_0 \"                   data-id=\"23\"                   data-width=\"500\"                   data-height=\"332\"                   data-src=\"https:\/\/www.spiekeroog-auszeit.de\/wp-content\/uploads\/photo-gallery\/thumb\/590eb0073a385107fe10617ed09e4e84.jpg?bwg=1558514157\"                   src=\"https:\/\/www.spiekeroog-auszeit.de\/wp-content\/uploads\/photo-gallery\/thumb\/590eb0073a385107fe10617ed09e4e84.jpg?bwg=1558514157\"                   alt=\"590eb0073a385107fe10617ed09e4e84\"                   title=\"590eb0073a385107fe10617ed09e4e84\" \/>            <\/div>            <div class=\"\">                                                      <\/div>          <\/div>        <\/div>                        <\/a>              <\/div>            <div class=\"bwg-item\">        <a class=\"bwg-a  bwg_lightbox\"  data-image-id=\"22\" href=\"https:\/\/www.spiekeroog-auszeit.de\/wp-content\/uploads\/photo-gallery\/IMG_6944.jpg?bwg=1558514157\" data-elementor-open-lightbox=\"no\">                <div class=\"bwg-item0 \">          <div class=\"bwg-item1 \">            <div class=\"bwg-item2\">              <img decoding=\"async\" class=\"skip-lazy bwg_standart_thumb_img_0 \"                   data-id=\"22\"                   data-width=\"375\"                   data-height=\"500\"                   data-src=\"https:\/\/www.spiekeroog-auszeit.de\/wp-content\/uploads\/photo-gallery\/thumb\/IMG_6944.jpg?bwg=1558514157\"                   src=\"https:\/\/www.spiekeroog-auszeit.de\/wp-content\/uploads\/photo-gallery\/thumb\/IMG_6944.jpg?bwg=1558514157\"                   alt=\"IMG 6944\"                   title=\"IMG 6944\" \/>            <\/div>            <div class=\"\">                                                      <\/div>          <\/div>        <\/div>                        <\/a>              <\/div>            <div class=\"bwg-item\">        <a class=\"bwg-a  bwg_lightbox\"  data-image-id=\"21\" href=\"https:\/\/www.spiekeroog-auszeit.de\/wp-content\/uploads\/photo-gallery\/14331e0cab97b1d44c96e2d39e8220f4.jpg?bwg=1558514157\" data-elementor-open-lightbox=\"no\">                <div class=\"bwg-item0 \">          <div class=\"bwg-item1 \">            <div class=\"bwg-item2\">              <img decoding=\"async\" class=\"skip-lazy bwg_standart_thumb_img_0 \"                   data-id=\"21\"                   data-width=\"500\"                   data-height=\"332\"                   data-src=\"https:\/\/www.spiekeroog-auszeit.de\/wp-content\/uploads\/photo-gallery\/thumb\/14331e0cab97b1d44c96e2d39e8220f4.jpg?bwg=1558514157\"                   src=\"https:\/\/www.spiekeroog-auszeit.de\/wp-content\/uploads\/photo-gallery\/thumb\/14331e0cab97b1d44c96e2d39e8220f4.jpg?bwg=1558514157\"                   alt=\"14331e0cab97b1d44c96e2d39e8220f4\"                   title=\"14331e0cab97b1d44c96e2d39e8220f4\" \/>            <\/div>            <div class=\"\">                                                      <\/div>          <\/div>        <\/div>                        <\/a>              <\/div>            <div class=\"bwg-item\">        <a class=\"bwg-a  bwg_lightbox\"  data-image-id=\"20\" href=\"https:\/\/www.spiekeroog-auszeit.de\/wp-content\/uploads\/photo-gallery\/IMG_6225.jpg?bwg=1558514157\" data-elementor-open-lightbox=\"no\">                <div class=\"bwg-item0 \">          <div class=\"bwg-item1 \">            <div class=\"bwg-item2\">              <img decoding=\"async\" class=\"skip-lazy bwg_standart_thumb_img_0 \"                   data-id=\"20\"                   data-width=\"500\"                   data-height=\"375\"                   data-src=\"https:\/\/www.spiekeroog-auszeit.de\/wp-content\/uploads\/photo-gallery\/thumb\/IMG_6225.jpg?bwg=1558514157\"                   src=\"https:\/\/www.spiekeroog-auszeit.de\/wp-content\/uploads\/photo-gallery\/thumb\/IMG_6225.jpg?bwg=1558514157\"                   alt=\"IMG 6225\"                   title=\"IMG 6225\" \/>            <\/div>            <div class=\"\">                                                      <\/div>          <\/div>        <\/div>                        <\/a>              <\/div>            <div class=\"bwg-item\">        <a class=\"bwg-a  bwg_lightbox\"  data-image-id=\"18\" href=\"https:\/\/www.spiekeroog-auszeit.de\/wp-content\/uploads\/photo-gallery\/IMG_6950.jpg?bwg=1558514157\" data-elementor-open-lightbox=\"no\">                <div class=\"bwg-item0 \">          <div class=\"bwg-item1 \">            <div class=\"bwg-item2\">              <img decoding=\"async\" class=\"skip-lazy bwg_standart_thumb_img_0 \"                   data-id=\"18\"                   data-width=\"500\"                   data-height=\"375\"                   data-src=\"https:\/\/www.spiekeroog-auszeit.de\/wp-content\/uploads\/photo-gallery\/thumb\/IMG_6950.jpg?bwg=1558514157\"                   src=\"https:\/\/www.spiekeroog-auszeit.de\/wp-content\/uploads\/photo-gallery\/thumb\/IMG_6950.jpg?bwg=1558514157\"                   alt=\"IMG 6950\"                   title=\"IMG 6950\" \/>            <\/div>            <div class=\"\">                                                      <\/div>          <\/div>        <\/div>                        <\/a>              <\/div>            <div class=\"bwg-item\">        <a class=\"bwg-a  bwg_lightbox\"  data-image-id=\"19\" href=\"https:\/\/www.spiekeroog-auszeit.de\/wp-content\/uploads\/photo-gallery\/IMG_7664.jpg?bwg=1558514157\" data-elementor-open-lightbox=\"no\">                <div class=\"bwg-item0 \">          <div class=\"bwg-item1 \">            <div class=\"bwg-item2\">              <img decoding=\"async\" class=\"skip-lazy bwg_standart_thumb_img_0 \"                   data-id=\"19\"                   data-width=\"500\"                   data-height=\"375\"                   data-src=\"https:\/\/www.spiekeroog-auszeit.de\/wp-content\/uploads\/photo-gallery\/thumb\/IMG_7664.jpg?bwg=1558514157\"                   src=\"https:\/\/www.spiekeroog-auszeit.de\/wp-content\/uploads\/photo-gallery\/thumb\/IMG_7664.jpg?bwg=1558514157\"                   alt=\"IMG 7664\"                   title=\"IMG 7664\" \/>            <\/div>            <div class=\"\">                                                      <\/div>          <\/div>        <\/div>                        <\/a>              <\/div>          <\/div>    <style>      \/*pagination styles*\/      #bwg_container1_0 #bwg_container2_0 .tablenav-pages_0 {\t\t\t\ttext-align: center;\t\t\t\tfont-size: 12px;\t\t\t\tfont-family: Ubuntu;\t\t\t\tfont-weight: bold;\t\t\t\tcolor: #666666;\t\t\t\tmargin: 6px 0 4px;\t\t\t\tdisplay: block;      }      @media only screen and (max-width : 320px) {      #bwg_container1_0 #bwg_container2_0 .displaying-num_0 {     \t display: none;      }      }      #bwg_container1_0 #bwg_container2_0 .displaying-num_0 {\t\t\t\tfont-size: 12px;\t\t\t\tfont-family: Ubuntu;\t\t\t\tfont-weight: bold;\t\t\t\tcolor: #666666;\t\t\t\tmargin-right: 10px;\t\t\t\tvertical-align: middle;      }      #bwg_container1_0 #bwg_container2_0 .paging-input_0 {\t\t\t\tfont-size: 12px;\t\t\t\tfont-family: Ubuntu;\t\t\t\tfont-weight: bold;\t\t\t\tcolor: #666666;\t\t\t\tvertical-align: middle;      }      #bwg_container1_0 #bwg_container2_0 .tablenav-pages_0 a.disabled,      #bwg_container1_0 #bwg_container2_0 .tablenav-pages_0 a.disabled:hover,      #bwg_container1_0 #bwg_container2_0 .tablenav-pages_0 a.disabled:focus,\t\t\t#bwg_container1_0 #bwg_container2_0 .tablenav-pages_0 input.bwg_current_page {\t\t\t\tcursor: default;\t\t\t\tcolor: rgba(102, 102, 102, 0.5);      }      #bwg_container1_0 #bwg_container2_0 .tablenav-pages_0 a,      #bwg_container1_0 #bwg_container2_0 .tablenav-pages_0 input.bwg_current_page {\t\t\t\tcursor: pointer;\t\t\t\ttext-align: center;\t\t\t\tfont-size: 12px;\t\t\t\tfont-family: Ubuntu;\t\t\t\tfont-weight: bold;\t\t\t\tcolor: #666666;\t\t\t\ttext-decoration: none;\t\t\t\tpadding: 3px 6px;\t\t\t\tmargin: 0;\t\t\t\tborder-radius: 0;\t\t\t\tborder-style: solid;\t\t\t\tborder-width: 1px;\t\t\t\tborder-color: #E3E3E3;\t\t\t\t\t\t\t\tbackground-color: rgba(255, 255, 255, 1.00);\t\t\t\tbox-shadow: 0;\t\t\t\ttransition: all 0.3s ease 0s;-webkit-transition: all 0.3s ease 0s;      }      <\/style>      <span class=\"bwg_nav_cont_0\">              <div class=\"tablenav-pages_0\">                  <\/div>                <input type=\"hidden\" id=\"page_number_0\" name=\"page_number_0\" value=\"1\" \/>      <script type=\"text\/javascript\">        if( jQuery('.bwg_nav_cont_0').length > 1 ) {          jQuery('.bwg_nav_cont_0').first().remove()        }        function spider_page_0(cur, x, y, load_more) {          if (typeof load_more == \"undefined\") {            var load_more = false;          }          if (jQuery(cur).hasClass('disabled')) {            return false;          }          var items_county_0 = 1;          switch (y) {            case 1:              if (x >= items_county_0) {                document.getElementById('page_number_0').value = items_county_0;              }              else {                document.getElementById('page_number_0').value = x + 1;              }              break;            case 2:              document.getElementById('page_number_0').value = items_county_0;              break;            case -1:              if (x == 1) {                document.getElementById('page_number_0').value = 1;              }              else {                document.getElementById('page_number_0').value = x - 1;              }              break;            case -2:              document.getElementById('page_number_0').value = 1;              break;\t\t\t\t\t\tcase 0:              document.getElementById('page_number_0').value = x;              break;            default:              document.getElementById('page_number_0').value = 1;          }          bwg_ajax('gal_front_form_0', '0', 'bwg_thumbnails_0', '0', '', 'gallery', 0, '', '', load_more, '', 1);        }                    jQuery('.first-page-0').on('click', function () {              spider_page_0(this, 1, -2, 'numeric');              return false;            });            jQuery('.prev-page-0').on('click', function () {              spider_page_0(this, 1, -1, 'numeric');              return false;            });            jQuery('.next-page-0').on('click', function () {              spider_page_0(this, 1, 1, 'numeric');              return false;            });            jQuery('.last-page-0').on('click', function () {              spider_page_0(this, 1, 2, 'numeric');              return false;            });        \t\t\t\t\/* Change page on input enter. *\/        function bwg_change_page_0( e, that ) {          if (  e.key == 'Enter' ) {            var to_page = parseInt(jQuery(that).val());            var pages_count = jQuery(that).parents(\".pagination-links\").data(\"pages-count\");            var current_url_param = jQuery(that).attr('data-url-info');            if (to_page > pages_count) {              to_page = 1;            }\t \t\t\t\t\t\t\t\t\t\t\t\tspider_page_0(this, to_page, 0, 'numeric');\t\t\t\t\t\t\treturn false;\t\t\t\t\t\t          }          return true;        }        jQuery('.bwg_load_btn_0').on('click', function () {            spider_page_0(this, 1, 1, true);            return false;        });      <\/script>      <\/span>                <\/div>        <\/form>        <style>          #bwg_container1_0 #bwg_container2_0 #spider_popup_overlay_0 {          background-color: #EEEEEE;          opacity: 0.60;          }          <\/style>        <div id=\"bwg_spider_popup_loading_0\" class=\"bwg_spider_popup_loading\"><\/div>        <div id=\"spider_popup_overlay_0\" class=\"spider_popup_overlay\" onclick=\"spider_destroypopup(1000)\"><\/div>        <input type=\"hidden\" id=\"bwg_random_seed_0\" value=\"410566660\">                <\/div>    <\/div>    <script>      if (document.readyState === 'complete') {        if( typeof bwg_main_ready == 'function' ) {          if ( jQuery(\"#bwg_container1_0\").height() ) {            bwg_main_ready(jQuery(\"#bwg_container1_0\"));          }        }      } else {        document.addEventListener('DOMContentLoaded', function() {          if( typeof bwg_main_ready == 'function' ) {            if ( jQuery(\"#bwg_container1_0\").height() ) {             bwg_main_ready(jQuery(\"#bwg_container1_0\"));            }          }        });      }    <\/script>    \n\n\n\n<figure class=\"wp-block-embed-youtube wp-block-embed is-type-video is-provider-youtube wp-embed-aspect-16-9 wp-has-aspect-ratio\"><div class=\"wp-block-embed__wrapper\">\n<iframe loading=\"lazy\" hcb-fetch-image-from=\"https:\/\/www.youtube.com\/watch?v=6vMIZ4uTmjE\" title=\"Faszination Spiekeroog\" width=\"525\" height=\"295\" src=\"https:\/\/www.youtube.com\/embed\/6vMIZ4uTmjE?feature=oembed\" frameborder=\"0\" allow=\"accelerometer; autoplay; clipboard-write; encrypted-media; gyroscope; picture-in-picture; web-share\" referrerpolicy=\"strict-origin-when-cross-origin\" allowfullscreen><\/iframe>\n<\/div><figcaption>Faszination Spiekeroog von Martin Elsen<\/figcaption><\/figure>\n\n\n\n<p><br><\/p>\n","protected":false},"excerpt":{"rendered":"<p>Die Insel Spiekeroog liegt im nieders\u00e4chsischen Wattenmeer und hat auf etwa 18 Quadratkilometern ca. 900 Einwohner. Spiekeroog gilt als die &#8222;Stille&#8220; unter den ostfriesischen Inseln. Hier gibt es d\u00f6rflichen Charme und unber\u00fchrte Natur und in den Ferien viel Familienspa\u00df. Spiekeroog ist autofrei und hat als einzige ostfriesische Insel keinen Flugplatz. Sie k\u00f6nnen auf der Insel &hellip; <\/p>\n<p class=\"link-more\"><a href=\"https:\/\/www.spiekeroog-auszeit.de\/?page_id=92\" class=\"more-link\"><span class=\"screen-reader-text\">\u201eWillkommen auf Spiekeroog\u201c<\/span> weiterlesen<\/a><\/p>\n","protected":false},"author":1,"featured_media":0,"parent":0,"menu_order":0,"comment_status":"closed","ping_status":"closed","template":"","meta":{"footnotes":""},"class_list":["post-92","page","type-page","status-publish","hentry"],"_links":{"self":[{"href":"https:\/\/www.spiekeroog-auszeit.de\/index.php?rest_route=\/wp\/v2\/pages\/92","targetHints":{"allow":["GET"]}}],"collection":[{"href":"https:\/\/www.spiekeroog-auszeit.de\/index.php?rest_route=\/wp\/v2\/pages"}],"about":[{"href":"https:\/\/www.spiekeroog-auszeit.de\/index.php?rest_route=\/wp\/v2\/types\/page"}],"author":[{"embeddable":true,"href":"https:\/\/www.spiekeroog-auszeit.de\/index.php?rest_route=\/wp\/v2\/users\/1"}],"replies":[{"embeddable":true,"href":"https:\/\/www.spiekeroog-auszeit.de\/index.php?rest_route=%2Fwp%2Fv2%2Fcomments&post=92"}],"version-history":[{"count":10,"href":"https:\/\/www.spiekeroog-auszeit.de\/index.php?rest_route=\/wp\/v2\/pages\/92\/revisions"}],"predecessor-version":[{"id":390,"href":"https:\/\/www.spiekeroog-auszeit.de\/index.php?rest_route=\/wp\/v2\/pages\/92\/revisions\/390"}],"wp:attachment":[{"href":"https:\/\/www.spiekeroog-auszeit.de\/index.php?rest_route=%2Fwp%2Fv2%2Fmedia&parent=92"}],"curies":[{"name":"wp","href":"https:\/\/api.w.org\/{rel}","templated":true}]}}