{"id":90,"date":"2019-03-04T11:56:18","date_gmt":"2019-03-04T10:56:18","guid":{"rendered":"https:\/\/www.spiekeroog-auszeit.de\/?page_id=90"},"modified":"2020-08-26T06:40:27","modified_gmt":"2020-08-26T05:40:27","slug":"anreise","status":"publish","type":"page","link":"https:\/\/www.spiekeroog-auszeit.de\/?page_id=90","title":{"rendered":"Anreise"},"content":{"rendered":"\n<p class=\"has-medium-font-size\">Bitte beachten Sie, dass&nbsp;Spiekeroog&nbsp;autofrei ist.<\/p>\n\n\n\n<p class=\"has-medium-font-size\">Die Anreise mit der F\u00e4hre k\u00f6nnen Sie&nbsp;<a rel=\"noreferrer noopener\" href=\"https:\/\/www.spiekeroog.de\/anreisen-buchen\/urlaub-buchen\/faehrtickets-buchen\/\" target=\"_blank\">bequem zuhause planen <\/a>oder Vorort buchen. W\u00e4hrend der Ferienwochen empfehlen wir Ihnen, die F\u00e4hre vorab zu buchen.<\/p>\n\n\n\n<p class=\"has-medium-font-size\">Wenn Sie mit dem Auto anreisen, k\u00f6nnen Sie bequem ihre Koffer am Hafen abgeben und gegen eine Geb\u00fchr auch direkt zur Unterkunft bringen lassen.<\/p>\n\n\n<p><iframe loading=\"lazy\" src=\"https:\/\/www.google.de\/maps\/embed?pb=!1m18!1m12!1m3!1d2361.9923525529375!2d7.708778067155155!3d53.70058220400961!2m3!1f0!2f0!3f0!3m2!1i1024!2i768!4f13.1!3m3!1m2!1s0x47b67b74a3ced4bd%3A0xb1d49ff19aabe8e0!2sAm+Hafen+Ost+20%2C+26427+Neuharlingersiel!5e0!3m2!1sen!2sde!4v1553712176711\" width=\"600\" height=\"450\" frameborder=\"0\" style=\"border:0\" allowfullscreen=\"\"><\/iframe><\/p>\n\n\n\n<p class=\"has-medium-font-size\">Ihr Auto parken Sie am besten in den&nbsp;<a rel=\"noreferrer noopener\" aria-label=\" (\u00f6ffnet in neuem Tab)\" href=\"https:\/\/www.spiekeroog-garagen.eu\/\" target=\"_blank\">Spiekeroog&nbsp;Garagen<\/a> die fu\u00dfl\u00e4ufig (5 Minuten) erreichbar sind. Des Weiteren bieten die Spiekeroog Garagen auch einen Bustransfer an.<\/p>\n\n\n<p><iframe loading=\"lazy\" src=\"https:\/\/www.google.de\/maps\/embed?pb=!1m18!1m12!1m3!1d2362.1260259631313!2d7.714335604234011!3d53.6982003149329!2m3!1f0!2f0!3f0!3m2!1i1024!2i768!4f13.1!3m3!1m2!1s0x0%3A0x2edff1bf852d5e38!2sSpiekeroog+garages+Karl+Janssen+GmbH!5e0!3m2!1sen!2sde!4v1553712272117\" width=\"600\" height=\"450\" frameborder=\"0\" style=\"border:0\" allowfullscreen=\"\"><\/iframe><\/p>\n","protected":false},"excerpt":{"rendered":"<p>Bitte beachten Sie, dass&nbsp;Spiekeroog&nbsp;autofrei ist. Die Anreise mit der F\u00e4hre k\u00f6nnen Sie&nbsp;bequem zuhause planen oder Vorort buchen. W\u00e4hrend der Ferienwochen empfehlen wir Ihnen, die F\u00e4hre vorab zu buchen. Wenn Sie mit dem Auto anreisen, k\u00f6nnen Sie bequem ihre Koffer am Hafen abgeben und gegen eine Geb\u00fchr auch direkt zur Unterkunft bringen lassen. Ihr Auto parken &hellip; <\/p>\n<p class=\"link-more\"><a href=\"https:\/\/www.spiekeroog-auszeit.de\/?page_id=90\" class=\"more-link\"><span class=\"screen-reader-text\">\u201eAnreise\u201c<\/span> weiterlesen<\/a><\/p>\n","protected":false},"author":1,"featured_media":0,"parent":0,"menu_order":0,"comment_status":"closed","ping_status":"closed","template":"","meta":{"footnotes":""},"class_list":["post-90","page","type-page","status-publish","hentry"],"_links":{"self":[{"href":"https:\/\/www.spiekeroog-auszeit.de\/index.php?rest_route=\/wp\/v2\/pages\/90","targetHints":{"allow":["GET"]}}],"collection":[{"href":"https:\/\/www.spiekeroog-auszeit.de\/index.php?rest_route=\/wp\/v2\/pages"}],"about":[{"href":"https:\/\/www.spiekeroog-auszeit.de\/index.php?rest_route=\/wp\/v2\/types\/page"}],"author":[{"embeddable":true,"href":"https:\/\/www.spiekeroog-auszeit.de\/index.php?rest_route=\/wp\/v2\/users\/1"}],"replies":[{"embeddable":true,"href":"https:\/\/www.spiekeroog-auszeit.de\/index.php?rest_route=%2Fwp%2Fv2%2Fcomments&post=90"}],"version-history":[{"count":25,"href":"https:\/\/www.spiekeroog-auszeit.de\/index.php?rest_route=\/wp\/v2\/pages\/90\/revisions"}],"predecessor-version":[{"id":389,"href":"https:\/\/www.spiekeroog-auszeit.de\/index.php?rest_route=\/wp\/v2\/pages\/90\/revisions\/389"}],"wp:attachment":[{"href":"https:\/\/www.spiekeroog-auszeit.de\/index.php?rest_route=%2Fwp%2Fv2%2Fmedia&parent=90"}],"curies":[{"name":"wp","href":"https:\/\/api.w.org\/{rel}","templated":true}]}}